{"id":200,"date":"2015-10-13T15:19:15","date_gmt":"2015-10-13T13:19:15","guid":{"rendered":"http:\/\/www.tanja-beifuss.de\/?page_id=200"},"modified":"2016-10-12T22:09:43","modified_gmt":"2016-10-12T20:09:43","slug":"mentalcoaching-fuer-beruf-und-erfolg","status":"publish","type":"page","link":"https:\/\/www.tanja-beifuss.de\/?page_id=200","title":{"rendered":"Mentalcoaching f\u00fcr Beruf und Erfolg"},"content":{"rendered":"<p><strong>Mentalcoaching f\u00fcr Beruf und Erfolg<\/strong><\/p>\n<div id=\"attachment_197\" style=\"width: 310px\" class=\"wp-caption alignnone\"><img aria-describedby=\"caption-attachment-197\" decoding=\"async\" loading=\"lazy\" class=\"wp-image-197 size-full\" src=\"https:\/\/www.tanja-beifuss.de\/wp-content\/uploads\/2015\/10\/service_stressmanagement-e1445346732105.jpg\" alt=\"\" width=\"300\" height=\"200\" \/><p id=\"caption-attachment-197\" class=\"wp-caption-text\">Mentalcoaching f\u00fcr Beruf und Erfolg<\/p><\/div>\n<p>In den letzten Jahren wurden Mental\u00adtrainer bei Managern nachgefragt. Mittler\u00adweile haben viele gro\u00dfe Unter\u00adnehmen erkannt, wie wichtig es ist, in die Gesund\u00adheit\u00a0 ihrer Mit\u00adarbeiter zu investieren, um die Leistungs\u00adf\u00e4higkeit zu st\u00e4rken, aber auch um einem m\u00f6glichen Burn-Out vorzubeugen.<\/p>\n<p>Viele Menschen suchen\u00a0dar\u00fcber hinaus auch selbst\u00adst\u00e4ndig nach Unter\u00adst\u00fctzung, um gr\u00f6\u00dfere Kompetenz in ihrem Beruf zu er\u00adlangen, und\u00a0sie sind auf der Suche nach Stress\u00adreduzierung, Motivation, Erfolg und Anerkennung.<\/p>\n","protected":false},"excerpt":{"rendered":"<p>Mentalcoaching f\u00fcr Beruf und Erfolg In den letzten Jahren wurden Mental\u00adtrainer bei Managern nachgefragt. Mittler\u00adweile haben viele gro\u00dfe Unter\u00adnehmen erkannt, wie wichtig es ist, in die Gesund\u00adheit\u00a0 ihrer Mit\u00adarbeiter zu30<\/p>\n","protected":false},"author":1,"featured_media":0,"parent":0,"menu_order":0,"comment_status":"closed","ping_status":"closed","template":"","meta":[],"_links":{"self":[{"href":"https:\/\/www.tanja-beifuss.de\/index.php?rest_route=\/wp\/v2\/pages\/200"}],"collection":[{"href":"https:\/\/www.tanja-beifuss.de\/index.php?rest_route=\/wp\/v2\/pages"}],"about":[{"href":"https:\/\/www.tanja-beifuss.de\/index.php?rest_route=\/wp\/v2\/types\/page"}],"author":[{"embeddable":true,"href":"https:\/\/www.tanja-beifuss.de\/index.php?rest_route=\/wp\/v2\/users\/1"}],"replies":[{"embeddable":true,"href":"https:\/\/www.tanja-beifuss.de\/index.php?rest_route=%2Fwp%2Fv2%2Fcomments&post=200"}],"version-history":[{"count":12,"href":"https:\/\/www.tanja-beifuss.de\/index.php?rest_route=\/wp\/v2\/pages\/200\/revisions"}],"predecessor-version":[{"id":378,"href":"https:\/\/www.tanja-beifuss.de\/index.php?rest_route=\/wp\/v2\/pages\/200\/revisions\/378"}],"wp:attachment":[{"href":"https:\/\/www.tanja-beifuss.de\/index.php?rest_route=%2Fwp%2Fv2%2Fmedia&parent=200"}],"curies":[{"name":"wp","href":"https:\/\/api.w.org\/{rel}","templated":true}]}}