{"id":207,"date":"2015-10-13T15:24:15","date_gmt":"2015-10-13T13:24:15","guid":{"rendered":"http:\/\/www.tanja-beifuss.de\/?page_id=207"},"modified":"2015-10-21T12:12:59","modified_gmt":"2015-10-21T10:12:59","slug":"mentaltraining-fuer-kinder","status":"publish","type":"page","link":"https:\/\/www.tanja-beifuss.de\/?page_id=207","title":{"rendered":"Mentaltraining f\u00fcr Kinder"},"content":{"rendered":"<p><strong>Mentaltraining f\u00fcr Kinder<br \/>\n<\/strong><\/p>\n<div id=\"attachment_208\" style=\"width: 311px\" class=\"wp-caption alignnone\"><img aria-describedby=\"caption-attachment-208\" decoding=\"async\" loading=\"lazy\" class=\"wp-image-208 size-full\" src=\"https:\/\/www.tanja-beifuss.de\/wp-content\/uploads\/2015\/10\/service_kinder-e1445347987991.jpg\" alt=\"Mentaltraining f\u00fcr Kinder\" width=\"301\" height=\"200\" \/><p id=\"caption-attachment-208\" class=\"wp-caption-text\">Mentaltraining f\u00fcr Kinder<\/p><\/div>\n<p>Kinder leiden immer h\u00e4ufiger unter Stress, mangelnder Konzentrationsf\u00e4higkeit und Anstrengungsbereitschaft.<\/p>\n<p>Mentales Training kann Kinder unterst\u00fctzen, ihre Lernf\u00e4higkeit und ihr pers\u00f6nliches Potenzial zu entwickeln. Entscheidend ist daf\u00fcr eine gute Verbindung beider Gehirnh\u00e4lften, die gef\u00f6rdert werden kann.<\/p>\n","protected":false},"excerpt":{"rendered":"<p>Mentaltraining f\u00fcr Kinder Kinder leiden immer h\u00e4ufiger unter Stress, mangelnder Konzentrationsf\u00e4higkeit und Anstrengungsbereitschaft. Mentales Training kann Kinder unterst\u00fctzen, ihre Lernf\u00e4higkeit und ihr pers\u00f6nliches Potenzial zu entwickeln. Entscheidend ist daf\u00fcr eine30<\/p>\n","protected":false},"author":1,"featured_media":0,"parent":0,"menu_order":0,"comment_status":"closed","ping_status":"closed","template":"","meta":[],"_links":{"self":[{"href":"https:\/\/www.tanja-beifuss.de\/index.php?rest_route=\/wp\/v2\/pages\/207"}],"collection":[{"href":"https:\/\/www.tanja-beifuss.de\/index.php?rest_route=\/wp\/v2\/pages"}],"about":[{"href":"https:\/\/www.tanja-beifuss.de\/index.php?rest_route=\/wp\/v2\/types\/page"}],"author":[{"embeddable":true,"href":"https:\/\/www.tanja-beifuss.de\/index.php?rest_route=\/wp\/v2\/users\/1"}],"replies":[{"embeddable":true,"href":"https:\/\/www.tanja-beifuss.de\/index.php?rest_route=%2Fwp%2Fv2%2Fcomments&post=207"}],"version-history":[{"count":9,"href":"https:\/\/www.tanja-beifuss.de\/index.php?rest_route=\/wp\/v2\/pages\/207\/revisions"}],"predecessor-version":[{"id":301,"href":"https:\/\/www.tanja-beifuss.de\/index.php?rest_route=\/wp\/v2\/pages\/207\/revisions\/301"}],"wp:attachment":[{"href":"https:\/\/www.tanja-beifuss.de\/index.php?rest_route=%2Fwp%2Fv2%2Fmedia&parent=207"}],"curies":[{"name":"wp","href":"https:\/\/api.w.org\/{rel}","templated":true}]}}