{"id":9,"date":"2015-09-01T15:00:46","date_gmt":"2015-09-01T13:00:46","guid":{"rendered":"http:\/\/www.tanja-beifuss.de\/?page_id=9"},"modified":"2015-10-21T12:13:43","modified_gmt":"2015-10-21T10:13:43","slug":"ueber-mich","status":"publish","type":"page","link":"https:\/\/www.tanja-beifuss.de\/?page_id=9","title":{"rendered":"\u00dcber mich"},"content":{"rendered":"<div id=\"attachment_273\" style=\"width: 210px\" class=\"wp-caption alignleft\"><img aria-describedby=\"caption-attachment-273\" decoding=\"async\" loading=\"lazy\" class=\"wp-image-273 size-full\" src=\"https:\/\/www.tanja-beifuss.de\/wp-content\/uploads\/2015\/09\/tanja_beifuss1.jpg\" alt=\"\" width=\"200\" height=\"300\" \/><p id=\"caption-attachment-273\" class=\"wp-caption-text\">TANJA BEIFU\u00df Jahrgang1970 zertifizierte Mentaltrainerin<\/p><\/div>\n<p>Bevor ich das staatlich zugelassene Studium am Institut f\u00fcr Lernsysteme (ils) zur\u00a0 Mentaltrainerin absolviert habe, war ich viele Jahre in der Wirtschaft t\u00e4tig und kann\u00a0 meine vielseitigen beruflichen Erfahrungen mit einbringen.<\/p>\n<p>Wie ich mich und meinen K\u00f6rper selbst positiv beeinflussen kann, interessiert mich\u00a0 schon seit meiner Jugend. Fasziniert bin ich vom Mentalen Training aufgrund der\u00a0 einfachen M\u00f6glichkeiten pers\u00f6nliche und berufliche Ziele erfolgreich zu verwirklichen.<\/p>\n<p>Das m\u00f6chte ich gerne vermitteln.<\/p>\n<p>Die Ver\u00e4nderungsprozesse f\u00fchre ich verantwortungsvoll und in angenehmer\u00a0 Atmosph\u00e4re. F\u00fcr die Durchf\u00fchrung steht mir eine umfangreiche Methodik zur\u00a0 Verf\u00fcgung.<\/p>\n<p>Ich biete Mentales Training als Einzelberatung und Gruppenkurse zur nachhaltigen\u00a0 Ver\u00e4nderung an.<\/p>\n<p>In der Einzelbelberatung stellen wir in\u00a0einem ersten kostenfreien Gespr\u00e4ch fest, ob wir\u00a0 Ihr pers\u00f6nliches Ziel erreichen k\u00f6nnen und ich erstelle dann gegebenenfalls ein\u00a0bedarfsorientiertes Konzept.<\/p>\n<p><strong><a href=\"https:\/\/www.tanja-beifuss.de\/?page_id=112\">Nehmen Sie gerne Kontakt zu mir auf.<\/a><\/strong><\/p>\n<p><strong>Herzliche Gr\u00fc\u00dfe<\/strong><br \/>\n<em>Tanja Beifu\u00df<\/em><\/p>\n","protected":false},"excerpt":{"rendered":"<p>Bevor ich das staatlich zugelassene Studium am Institut f\u00fcr Lernsysteme (ils) zur\u00a0 Mentaltrainerin absolviert habe, war ich viele Jahre in der Wirtschaft t\u00e4tig und kann\u00a0 meine vielseitigen beruflichen Erfahrungen mit30<\/p>\n","protected":false},"author":1,"featured_media":0,"parent":0,"menu_order":0,"comment_status":"closed","ping_status":"closed","template":"","meta":[],"_links":{"self":[{"href":"https:\/\/www.tanja-beifuss.de\/index.php?rest_route=\/wp\/v2\/pages\/9"}],"collection":[{"href":"https:\/\/www.tanja-beifuss.de\/index.php?rest_route=\/wp\/v2\/pages"}],"about":[{"href":"https:\/\/www.tanja-beifuss.de\/index.php?rest_route=\/wp\/v2\/types\/page"}],"author":[{"embeddable":true,"href":"https:\/\/www.tanja-beifuss.de\/index.php?rest_route=\/wp\/v2\/users\/1"}],"replies":[{"embeddable":true,"href":"https:\/\/www.tanja-beifuss.de\/index.php?rest_route=%2Fwp%2Fv2%2Fcomments&post=9"}],"version-history":[{"count":34,"href":"https:\/\/www.tanja-beifuss.de\/index.php?rest_route=\/wp\/v2\/pages\/9\/revisions"}],"predecessor-version":[{"id":326,"href":"https:\/\/www.tanja-beifuss.de\/index.php?rest_route=\/wp\/v2\/pages\/9\/revisions\/326"}],"wp:attachment":[{"href":"https:\/\/www.tanja-beifuss.de\/index.php?rest_route=%2Fwp%2Fv2%2Fmedia&parent=9"}],"curies":[{"name":"wp","href":"https:\/\/api.w.org\/{rel}","templated":true}]}}