{"id":95,"date":"2015-09-04T13:44:49","date_gmt":"2015-09-04T11:44:49","guid":{"rendered":"http:\/\/www.tanja-beifuss.de\/?page_id=95"},"modified":"2017-02-06T15:31:38","modified_gmt":"2017-02-06T14:31:38","slug":"kursangebote","status":"publish","type":"page","link":"https:\/\/www.tanja-beifuss.de\/?page_id=95","title":{"rendered":"Kurse"},"content":{"rendered":"<p><strong><a href=\"https:\/\/www.tanja-beifuss.de\/wp-content\/uploads\/2015\/10\/kurse.jpg\"><img decoding=\"async\" loading=\"lazy\" class=\"size-full wp-image-216 alignnone\" src=\"https:\/\/www.tanja-beifuss.de\/wp-content\/uploads\/2015\/10\/kurse.jpg\" alt=\"Kursangebot\" width=\"400\" height=\"286\" srcset=\"https:\/\/www.tanja-beifuss.de\/wp-content\/uploads\/2015\/10\/kurse.jpg 400w, https:\/\/www.tanja-beifuss.de\/wp-content\/uploads\/2015\/10\/kurse-300x215.jpg 300w\" sizes=\"(max-width: 400px) 100vw, 400px\" \/><\/a><\/strong><\/p>\n<p>In meinen Kursen k\u00f6nnen Sie motiviert Ihre pers\u00f6nlichen Ziele erreichen.<br \/>\nSie d\u00fcrfen entspannen, Ihre nat\u00fcrliche F\u00e4higkeit der kreativen Vorstellungskraft aktivieren und &#8230; genie\u00dfen.<\/p>\n<p><strong>\u00a0<\/strong><\/p>\n<p><strong>Weitere Kurse folgen in K\u00fcrze.<\/strong><\/p>\n<p>&nbsp;<\/p>\n<p>Bei Interesse zu\u00a0Kursen, k\u00f6nnen Sie sich auch gerne unverbindlich bei mir melden. Ich informiere Sie danach\u00a0gerne direkt \u00fcber meine neuen Angebote.<\/p>\n<p><strong>Telefon 04793 \u2013 559, info@tanja-beifuss.de oder gleich hier unter \u201eKontakt\u201c.<\/strong><\/p>\n<p>&nbsp;<\/p>\n<p>&nbsp;<\/p>\n<p>&nbsp;<\/p>\n<h3><\/h3>\n<p>&nbsp;<\/p>\n<h3><\/h3>\n<p>&nbsp;<\/p>\n<h3><\/h3>\n<p>&nbsp;<\/p>\n<p>&nbsp;<\/p>\n<p><strong>\u00a0<\/strong><\/p>\n<p>&nbsp;<\/p>\n","protected":false},"excerpt":{"rendered":"<p>In meinen Kursen k\u00f6nnen Sie motiviert Ihre pers\u00f6nlichen Ziele erreichen. Sie d\u00fcrfen entspannen, Ihre nat\u00fcrliche F\u00e4higkeit der kreativen Vorstellungskraft aktivieren und &#8230; genie\u00dfen. \u00a0 Weitere Kurse folgen in K\u00fcrze. &nbsp;30<\/p>\n","protected":false},"author":1,"featured_media":0,"parent":0,"menu_order":0,"comment_status":"closed","ping_status":"closed","template":"page.php","meta":[],"_links":{"self":[{"href":"https:\/\/www.tanja-beifuss.de\/index.php?rest_route=\/wp\/v2\/pages\/95"}],"collection":[{"href":"https:\/\/www.tanja-beifuss.de\/index.php?rest_route=\/wp\/v2\/pages"}],"about":[{"href":"https:\/\/www.tanja-beifuss.de\/index.php?rest_route=\/wp\/v2\/types\/page"}],"author":[{"embeddable":true,"href":"https:\/\/www.tanja-beifuss.de\/index.php?rest_route=\/wp\/v2\/users\/1"}],"replies":[{"embeddable":true,"href":"https:\/\/www.tanja-beifuss.de\/index.php?rest_route=%2Fwp%2Fv2%2Fcomments&post=95"}],"version-history":[{"count":32,"href":"https:\/\/www.tanja-beifuss.de\/index.php?rest_route=\/wp\/v2\/pages\/95\/revisions"}],"predecessor-version":[{"id":395,"href":"https:\/\/www.tanja-beifuss.de\/index.php?rest_route=\/wp\/v2\/pages\/95\/revisions\/395"}],"wp:attachment":[{"href":"https:\/\/www.tanja-beifuss.de\/index.php?rest_route=%2Fwp%2Fv2%2Fmedia&parent=95"}],"curies":[{"name":"wp","href":"https:\/\/api.w.org\/{rel}","templated":true}]}}